{"id":21,"date":"2015-04-08T14:56:49","date_gmt":"2015-04-08T12:56:49","guid":{"rendered":"http:\/\/www.dieboehms-film.ch\/en\/?page_id=21"},"modified":"2015-04-14T20:26:57","modified_gmt":"2015-04-14T18:26:57","slug":"11-2","status":"publish","type":"page","link":"http:\/\/www.dieboehms-film.ch\/en\/?page_id=21","title":{"rendered":"ABOUT"},"content":{"rendered":"<h2 style=\"text-align: center;\">Synopsis<\/h2>\n<p style=\"text-align: left;\">&#8222;Gottfried B\u00f6hm is widely regarded as Germany\u2019s preeminent architect. The son of a master builder of churches, he is the patriarch of a modern architecture dynasty to which his three sons Stephan, Peter und Paul now belong. By realizing outstanding prominent buildings of their own, the B\u00f6hm fils have managed to step out of the shadow of their famous father. But the ongoing crisis in the German construction industry, among other things, has stoked the fires of competition between the brothers.<\/p>\n<p style=\"text-align: left;\"><img loading=\"lazy\" class=\"aligncenter size-large wp-image-102\" src=\"http:\/\/dieboehms-film.ch\/ch\/wp-content\/uploads\/2015\/01\/ArchitekturEinerFamilie_GoundSoehne-1024x576.jpg\" alt=\"ArchitekturEinerFamilie_GoundSoehne\" width=\"642\" height=\"361\" \/><\/p>\n<p style=\"text-align: left;\">Gottfried, now 94, still contributes daily to the work on current planning and construction projects. With the death of his wife Elisabeth, also an architect and a key source of inspiration for all four B\u00f6hms, the family loses its emotional lodestone. Can the fragile architecture of the family business a viable model for the future? The film paints an intimate and pointed portrait of the complexity and inseparability of life, love, faith, art and architecture.&#8220;<\/p>\n<p>&nbsp;<\/p>\n<h2 style=\"text-align: center;\">Statement by the director<\/h2>\n<p style=\"text-align: left;\">&#8222;A connection between my relatives in Cologne and the B\u00f6hms meant that I already had a long-standing friendship with the B\u00f6hm family. I saw in Gottfried B\u00f6hm a formidable artist full of youthful curiosity \u2013 a contemporary in spirit despite the great disparity in our ages. From the very beginning I was interested in the way the B\u00f6hms meld family with work life almost seamlessly. For a span of over two years I lived with the B\u00f6hms in Cologne while I shot the film. I wanted to explore the personal aspects that lie behind the fa\u00e7ades of the buildings and to show that these mighty constructions also express emotions.\u201d<br \/>\n<a href=\"http:\/\/www.maxdrux.com\" target=\"_blank\">Maurizius Staerkle Drux<\/a><\/p>\n<p>&nbsp;<\/p>\n<h2 style=\"text-align: center;\">Crew<\/h2>\n<p style=\"text-align: center;\">Director &amp; Sound: <a href=\"http:\/\/www.maxdrux.com\" target=\"_blank\">Maurizius Staerkle Drux<\/a><br \/>\nDoP: <a href=\"http:\/\/www.raphaelbeinder.de\/\" target=\"_blank\">Raphael Beinder<\/a><br \/>\nEditor: <a href=\"http:\/\/www.bfs-filmeditor.de\/profil\/anika-simon\/?tx_felogin_pi1[forgot]=1\" target=\"_blank\">Anika Simon (BFS)<\/a><br \/>\nMusic: <a href=\"http:\/\/www.jonasbuehler.com\/\" target=\"_blank\">Jonas B\u00fchler<\/a><br \/>\nProducer: <a href=\"http:\/\/www.lichtblick-film.com\/\" target=\"_blank\">Carl-Ludwig Rettinger (Lichtblickfilm K\u00f6ln)<\/a><br \/>\nCo-Producers: <a href=\"http:\/\/www.2zu1film.com\/\" target=\"_blank\">Lisa Blatter, Jan Gassmann (2:1 Film Z\u00fcrich)<\/a><br \/>\nCommissioning Editors: <a href=\"http:\/\/www1.wdr.de\/fernsehen\/film_serie\/kinozeit_dokumentarfilm\/ueberuns\/juttakrug100.html\" target=\"_blank\">Jutta Krug (WDR)<\/a>, <a href=\"http:\/\/www.br.de\/unternehmen\/inhalt\/filmtonart\/teilnehmer-2013-personen-100~_image-10_-952dc85ae5959077f284d3194802116b86d68f28.html\" target=\"_blank\">Claudia Gladziejewski (BR)<\/a><\/p>\n<p style=\"text-align: center;\">Production Management: Yvonne Gottschalk<br \/>\nProduction Assistent: Gesa Hollerbach, Bernhard Rand, Anna St\u00fcdeli<br \/>\nGrip\/Camera Assistents: Felix Tonnat, Nikolas J\u00fcrgens, Myron Kritenko,<br \/>\nJulian Hanschke, Jan Peter, Frische Brise Film<\/p>\n<p style=\"text-align: center;\">\u00a0Foley: Remie Blaser<br \/>\nAssistents: Riccardo Passani, Flurin Devonas<br \/>\nMusic Premix: Andi Pupato<br \/>\nRe-Recording Mixer: Manu Gerber<\/p>\n<p style=\"text-align: center;\">Assistents to the Editor: Norbert Kottmann, Martin Mertz,<br \/>\nRa\u00fal Zropf, Jan Pfitzner ,Antonia Klein<\/p>\n<p style=\"text-align: center;\">Transcripts: Rieke Weber, Kai Richarz<\/p>\n<p style=\"text-align: center;\">\u00a0Grading: Dany Schelby<\/p>\n<p style=\"text-align: center;\">\u00a0Skript Consultant: Lenz Baumann<\/p>\n","protected":false},"excerpt":{"rendered":"<p>Synopsis &#8222;Gottfried B\u00f6hm is widely regarded as Germany\u2019s preeminent architect. The son of a master builder of churches, he is the patriarch of a modern architecture dynasty to which his &hellip; <a class=\"readmore\" href=\"http:\/\/www.dieboehms-film.ch\/en\/?page_id=21\">Continue Reading &rarr;<\/a><\/p>\n","protected":false},"author":1,"featured_media":0,"parent":0,"menu_order":0,"comment_status":"open","ping_status":"open","template":"","meta":[],"_links":{"self":[{"href":"http:\/\/www.dieboehms-film.ch\/en\/index.php?rest_route=\/wp\/v2\/pages\/21"}],"collection":[{"href":"http:\/\/www.dieboehms-film.ch\/en\/index.php?rest_route=\/wp\/v2\/pages"}],"about":[{"href":"http:\/\/www.dieboehms-film.ch\/en\/index.php?rest_route=\/wp\/v2\/types\/page"}],"author":[{"embeddable":true,"href":"http:\/\/www.dieboehms-film.ch\/en\/index.php?rest_route=\/wp\/v2\/users\/1"}],"replies":[{"embeddable":true,"href":"http:\/\/www.dieboehms-film.ch\/en\/index.php?rest_route=%2Fwp%2Fv2%2Fcomments&post=21"}],"version-history":[{"count":11,"href":"http:\/\/www.dieboehms-film.ch\/en\/index.php?rest_route=\/wp\/v2\/pages\/21\/revisions"}],"predecessor-version":[{"id":67,"href":"http:\/\/www.dieboehms-film.ch\/en\/index.php?rest_route=\/wp\/v2\/pages\/21\/revisions\/67"}],"wp:attachment":[{"href":"http:\/\/www.dieboehms-film.ch\/en\/index.php?rest_route=%2Fwp%2Fv2%2Fmedia&parent=21"}],"curies":[{"name":"wp","href":"https:\/\/api.w.org\/{rel}","templated":true}]}}